{"id":567,"date":"2020-02-22T21:28:59","date_gmt":"2020-02-22T21:28:59","guid":{"rendered":"https:\/\/www.sumicenter.si\/?page_id=567"},"modified":"2020-06-10T08:59:13","modified_gmt":"2020-06-10T08:59:13","slug":"zgodovina","status":"publish","type":"page","link":"https:\/\/www.sumicenter.si\/en\/zgodovina\/","title":{"rendered":"HISTORY"},"content":{"rendered":"<div data-elementor-type=\"wp-page\" data-elementor-id=\"567\" class=\"elementor elementor-567\" data-elementor-settings=\"[]\">\n\t\t\t\t\t\t<div class=\"elementor-inner\">\n\t\t\t\t\t\t\t<div class=\"elementor-section-wrap\">\n\t\t\t\t\t\t\t<section data-particle_enable=\"false\" data-particle-mobile-disabled=\"false\" class=\"elementor-section elementor-top-section elementor-element elementor-element-4add0ced elementor-section-height-min-height elementor-section-stretched elementor-section-full_width elementor-section-height-default elementor-section-items-middle\" data-id=\"4add0ced\" data-element_type=\"section\" data-settings=\"{&quot;background_background&quot;:&quot;classic&quot;,&quot;stretch_section&quot;:&quot;section-stretched&quot;}\">\n\t\t\t\t\t\t\t<div class=\"elementor-background-overlay\"><\/div>\n\t\t\t\t\t\t\t<div class=\"elementor-container elementor-column-gap-default\">\n\t\t\t\t\t\t\t<div class=\"elementor-row\">\n\t\t\t\t\t<div class=\"elementor-column elementor-col-100 elementor-top-column elementor-element elementor-element-1e9158d7\" data-id=\"1e9158d7\" data-element_type=\"column\">\n\t\t\t<div class=\"elementor-column-wrap elementor-element-populated\">\n\t\t\t\t\t\t\t<div class=\"elementor-widget-wrap\">\n\t\t\t\t\t\t<section data-particle_enable=\"false\" data-particle-mobile-disabled=\"false\" class=\"elementor-section elementor-inner-section elementor-element elementor-element-3202e44c elementor-section-boxed elementor-section-height-default elementor-section-height-default\" data-id=\"3202e44c\" data-element_type=\"section\">\n\t\t\t\t\t\t<div class=\"elementor-container elementor-column-gap-default\">\n\t\t\t\t\t\t\t<div class=\"elementor-row\">\n\t\t\t\t\t<div class=\"elementor-column elementor-col-100 elementor-inner-column elementor-element elementor-element-2efdeead\" data-id=\"2efdeead\" data-element_type=\"column\">\n\t\t\t<div class=\"elementor-column-wrap elementor-element-populated\">\n\t\t\t\t\t\t\t<div class=\"elementor-widget-wrap\">\n\t\t\t\t\t\t<div class=\"elementor-element elementor-element-71ef832a elementor-widget elementor-widget-heading\" data-id=\"71ef832a\" data-element_type=\"widget\" data-settings=\"{&quot;motion_fx_motion_fx_scrolling&quot;:&quot;yes&quot;,&quot;motion_fx_translateY_effect&quot;:&quot;yes&quot;,&quot;motion_fx_translateY_speed&quot;:{&quot;unit&quot;:&quot;px&quot;,&quot;size&quot;:2.9,&quot;sizes&quot;:[]},&quot;motion_fx_translateY_affectedRange&quot;:{&quot;unit&quot;:&quot;%&quot;,&quot;size&quot;:&quot;&quot;,&quot;sizes&quot;:{&quot;start&quot;:0,&quot;end&quot;:100}},&quot;motion_fx_devices&quot;:[&quot;desktop&quot;,&quot;tablet&quot;,&quot;mobile&quot;]}\" data-widget_type=\"heading.default\">\n\t\t\t\t<div class=\"elementor-widget-container\">\n\t\t\t<h2 class=\"elementor-heading-title elementor-size-default\">\u0160UMI THROUGH TIME<\/h2>\t\t<\/div>\n\t\t\t\t<\/div>\n\t\t\t\t\t\t<\/div>\n\t\t\t\t\t<\/div>\n\t\t<\/div>\n\t\t\t\t\t\t\t\t<\/div>\n\t\t\t\t\t<\/div>\n\t\t<\/section>\n\t\t\t\t\t\t<\/div>\n\t\t\t\t\t<\/div>\n\t\t<\/div>\n\t\t\t\t\t\t\t\t<\/div>\n\t\t\t\t\t<\/div>\n\t\t<\/section>\n\t\t\t\t<section data-particle_enable=\"false\" data-particle-mobile-disabled=\"false\" class=\"elementor-section elementor-top-section elementor-element elementor-element-3a261de elementor-section-boxed elementor-section-height-default elementor-section-height-default\" data-id=\"3a261de\" data-element_type=\"section\">\n\t\t\t\t\t\t<div class=\"elementor-container elementor-column-gap-default\">\n\t\t\t\t\t\t\t<div class=\"elementor-row\">\n\t\t\t\t\t<div class=\"elementor-column elementor-col-50 elementor-top-column elementor-element elementor-element-ee20c7c\" data-id=\"ee20c7c\" data-element_type=\"column\">\n\t\t\t<div class=\"elementor-column-wrap elementor-element-populated\">\n\t\t\t\t\t\t\t<div class=\"elementor-widget-wrap\">\n\t\t\t\t\t\t<div class=\"elementor-element elementor-element-ffec80c elementor-widget__width-initial elementor-absolute animated-slow elementor-invisible elementor-widget elementor-widget-spacer\" data-id=\"ffec80c\" data-element_type=\"widget\" data-settings=\"{&quot;_position&quot;:&quot;absolute&quot;,&quot;_animation&quot;:&quot;slideInUp&quot;}\" data-widget_type=\"spacer.default\">\n\t\t\t\t<div class=\"elementor-widget-container\">\n\t\t\t\t\t<div class=\"elementor-spacer\">\n\t\t\t<div class=\"elementor-spacer-inner\"><\/div>\n\t\t<\/div>\n\t\t\t\t<\/div>\n\t\t\t\t<\/div>\n\t\t\t\t<div class=\"elementor-element elementor-element-75e3085 elementor-widget__width-inherit animated-slow elementor-invisible elementor-widget elementor-widget-image\" data-id=\"75e3085\" data-element_type=\"widget\" data-settings=\"{&quot;_animation&quot;:&quot;slideInLeft&quot;}\" data-widget_type=\"image.default\">\n\t\t\t\t<div class=\"elementor-widget-container\">\n\t\t\t\t\t\t\t\t<div class=\"elementor-image\">\n\t\t\t\t\t\t\t\t\t\t\t\t<img width=\"8267\" height=\"5044\" src=\"https:\/\/www.sumicenter.si\/wp-content\/uploads\/2020\/02\/Artboard-1-1.png\" class=\"attachment-full size-full\" alt=\"\" loading=\"lazy\" srcset=\"https:\/\/www.sumicenter.si\/wp-content\/uploads\/2020\/02\/Artboard-1-1.png 8267w, https:\/\/www.sumicenter.si\/wp-content\/uploads\/2020\/02\/Artboard-1-1-300x183.png 300w, https:\/\/www.sumicenter.si\/wp-content\/uploads\/2020\/02\/Artboard-1-1-1024x625.png 1024w, https:\/\/www.sumicenter.si\/wp-content\/uploads\/2020\/02\/Artboard-1-1-768x469.png 768w, https:\/\/www.sumicenter.si\/wp-content\/uploads\/2020\/02\/Artboard-1-1-1536x937.png 1536w, https:\/\/www.sumicenter.si\/wp-content\/uploads\/2020\/02\/Artboard-1-1-2048x1250.png 2048w\" sizes=\"(max-width: 8267px) 100vw, 8267px\" \/>\t\t\t\t\t\t\t\t\t\t\t\t\t\t<\/div>\n\t\t\t\t\t\t<\/div>\n\t\t\t\t<\/div>\n\t\t\t\t\t\t<\/div>\n\t\t\t\t\t<\/div>\n\t\t<\/div>\n\t\t\t\t<div class=\"elementor-column elementor-col-50 elementor-top-column elementor-element elementor-element-b8bcd92 animated-slow elementor-invisible\" data-id=\"b8bcd92\" data-element_type=\"column\" data-settings=\"{&quot;animation&quot;:&quot;fadeInRight&quot;}\">\n\t\t\t<div class=\"elementor-column-wrap elementor-element-populated\">\n\t\t\t\t\t\t\t<div class=\"elementor-widget-wrap\">\n\t\t\t\t\t\t<div class=\"elementor-element elementor-element-93457bc elementor-widget__width-initial animated-slow elementor-invisible elementor-widget elementor-widget-heading\" data-id=\"93457bc\" data-element_type=\"widget\" data-settings=\"{&quot;_animation&quot;:&quot;slideInRight&quot;}\" data-widget_type=\"heading.default\">\n\t\t\t\t<div class=\"elementor-widget-container\">\n\t\t\t<h2 class=\"elementor-heading-title elementor-size-default\">The contemporarily designed centre stands proudly in the very same place where an iconic building once stood before Ljubljana became one of the European capitals. <\/h2>\t\t<\/div>\n\t\t\t\t<\/div>\n\t\t\t\t<div class=\"elementor-element elementor-element-6a53b5d elementor-widget elementor-widget-text-editor\" data-id=\"6a53b5d\" data-element_type=\"widget\" data-widget_type=\"text-editor.default\">\n\t\t\t\t<div class=\"elementor-widget-container\">\n\t\t\t\t\t\t\t\t<div class=\"elementor-text-editor elementor-clearfix\">\n\t\t\t\t\t<p class=\"bodytext\">Numerous stories permeate \u0160umi\u2019s history. Some of those stories date back to the bronze age, while others bear witness either to the great entrepreneurial courage or the creative impetus of the so-called \u201c1968 Generation\u201d, which consisted of artists, philosophers and culture professionals, who were brought together in the famous \u0160umi Pub.<br><\/p>\n<p class=\"bodytext\">At the beginning of the 1st century, the colony of Emona was established by the Romans. It stood on the site of the present-day Ljubljana city centre. In the beginning, Emona served as a military fortress. Later, however, it evolved into an administrative, political, economic and cultural centre. Even at that time, it was known as the intersection of various trade routes, which still holds true today. During the 2004 archaeological excavations, a very important Roman road was discovered, which ran from east to west. One of the most precious discoveries unearthed in the \u0160umi Centre area is a Roman gemstone depicting Apollo, which originates from the 1st century BC. Other important discoveries include a gemstone bearing a portrait of Mars, a measuring table that ensured standard measurements for buying and selling various goods, and a well-constructed sewage system which was built in the middle of the first century.<span style=\"font-size: 1rem;\">&nbsp; &nbsp;<\/span><\/p>\t\t\t\t\t<\/div>\n\t\t\t\t\t\t<\/div>\n\t\t\t\t<\/div>\n\t\t\t\t\t\t<\/div>\n\t\t\t\t\t<\/div>\n\t\t<\/div>\n\t\t\t\t\t\t\t\t<\/div>\n\t\t\t\t\t<\/div>\n\t\t<\/section>\n\t\t\t\t<section data-particle_enable=\"false\" data-particle-mobile-disabled=\"false\" class=\"elementor-section elementor-top-section elementor-element elementor-element-cba9c5e elementor-section-boxed elementor-section-height-default elementor-section-height-default\" data-id=\"cba9c5e\" data-element_type=\"section\">\n\t\t\t\t\t\t<div class=\"elementor-container elementor-column-gap-default\">\n\t\t\t\t\t\t\t<div class=\"elementor-row\">\n\t\t\t\t\t<div class=\"elementor-column elementor-col-50 elementor-top-column elementor-element elementor-element-e064386\" data-id=\"e064386\" data-element_type=\"column\">\n\t\t\t<div class=\"elementor-column-wrap elementor-element-populated\">\n\t\t\t\t\t\t\t<div class=\"elementor-widget-wrap\">\n\t\t\t\t\t\t<div class=\"elementor-element elementor-element-cb17659 elementor-widget__width-initial animated-slow elementor-invisible elementor-widget elementor-widget-heading\" data-id=\"cb17659\" data-element_type=\"widget\" data-settings=\"{&quot;_animation&quot;:&quot;slideInRight&quot;}\" data-widget_type=\"heading.default\">\n\t\t\t\t<div class=\"elementor-widget-container\">\n\t\t\t<h2 class=\"elementor-heading-title elementor-size-default\">Historical heritage inspires the new \u0160umi Centre<\/h2>\t\t<\/div>\n\t\t\t\t<\/div>\n\t\t\t\t<div class=\"elementor-element elementor-element-e8a90fe animated-slow elementor-invisible elementor-widget elementor-widget-text-editor\" data-id=\"e8a90fe\" data-element_type=\"widget\" data-settings=\"{&quot;_animation&quot;:&quot;slideInLeft&quot;}\" data-widget_type=\"text-editor.default\">\n\t\t\t\t<div class=\"elementor-widget-container\">\n\t\t\t\t\t\t\t\t<div class=\"elementor-text-editor elementor-clearfix\">\n\t\t\t\t\t<p class=\"bodytext\">The second important period began in 1876 when Mrs Josipina Schumi started manufacturing sweets in her small artisan workshop. She manufactured all products manually and sold them in her own sweet shop. After the 1st World War, her artisan workshop was bought by Mr Dragutin Hribar, who modernised the production facilities and established a famous sweet factory. After the 2nd World War, the factory was nationalised and the production was later moved elsewhere. Thus, an opportunity arose for the third chapter to begin.<\/p>\n<p class=\"bodytext\">This chapter was dedicated to the \u0160umi Pub, which opened in the building where sweets used to be manufactured. The \u0160umi Pub represented a popular meeting place for liberal artists and cultural professionals in the 1970s and the 1980s. The pub was located in close proximity to certain faculties, cultural institutions and magazine editorial offices, which is why it became very popular among many of today\u2019s most distinguished Slovenian musicians, journalists, theatre actors and other intellectuals. &nbsp;<\/p>\n<p class=\"bodytext\">The new \u0160umi Centre draws inspiration from this remarkable historical heritage. Do not miss the opportunity to become an important part of \u0160umi\u2019s next chapter. &nbsp;<\/p>\t\t\t\t\t<\/div>\n\t\t\t\t\t\t<\/div>\n\t\t\t\t<\/div>\n\t\t\t\t\t\t<\/div>\n\t\t\t\t\t<\/div>\n\t\t<\/div>\n\t\t\t\t<div class=\"elementor-column elementor-col-50 elementor-top-column elementor-element elementor-element-02f709a\" data-id=\"02f709a\" data-element_type=\"column\">\n\t\t\t<div class=\"elementor-column-wrap elementor-element-populated\">\n\t\t\t\t\t\t\t<div class=\"elementor-widget-wrap\">\n\t\t\t\t\t\t<div class=\"elementor-element elementor-element-dc3d59c elementor-widget__width-inherit animated-slow elementor-invisible elementor-widget elementor-widget-image\" data-id=\"dc3d59c\" data-element_type=\"widget\" data-settings=\"{&quot;_animation&quot;:&quot;slideInRight&quot;}\" data-widget_type=\"image.default\">\n\t\t\t\t<div class=\"elementor-widget-container\">\n\t\t\t\t\t\t\t\t<div class=\"elementor-image\">\n\t\t\t\t\t\t\t\t\t\t\t\t<img width=\"1343\" height=\"788\" src=\"https:\/\/www.sumicenter.si\/wp-content\/uploads\/2020\/02\/1ig_c0ix-1.png\" class=\"attachment-full size-full\" alt=\"\" loading=\"lazy\" srcset=\"https:\/\/www.sumicenter.si\/wp-content\/uploads\/2020\/02\/1ig_c0ix-1.png 1343w, https:\/\/www.sumicenter.si\/wp-content\/uploads\/2020\/02\/1ig_c0ix-1-300x176.png 300w, https:\/\/www.sumicenter.si\/wp-content\/uploads\/2020\/02\/1ig_c0ix-1-1024x601.png 1024w, https:\/\/www.sumicenter.si\/wp-content\/uploads\/2020\/02\/1ig_c0ix-1-768x451.png 768w\" sizes=\"(max-width: 1343px) 100vw, 1343px\" \/>\t\t\t\t\t\t\t\t\t\t\t\t\t\t<\/div>\n\t\t\t\t\t\t<\/div>\n\t\t\t\t<\/div>\n\t\t\t\t<div class=\"elementor-element elementor-element-1d5fed8 elementor-widget__width-initial elementor-absolute animated-slow elementor-invisible elementor-widget elementor-widget-spacer\" data-id=\"1d5fed8\" data-element_type=\"widget\" data-settings=\"{&quot;_position&quot;:&quot;absolute&quot;,&quot;_animation&quot;:&quot;slideInUp&quot;}\" data-widget_type=\"spacer.default\">\n\t\t\t\t<div class=\"elementor-widget-container\">\n\t\t\t\t\t<div class=\"elementor-spacer\">\n\t\t\t<div class=\"elementor-spacer-inner\"><\/div>\n\t\t<\/div>\n\t\t\t\t<\/div>\n\t\t\t\t<\/div>\n\t\t\t\t\t\t<\/div>\n\t\t\t\t\t<\/div>\n\t\t<\/div>\n\t\t\t\t\t\t\t\t<\/div>\n\t\t\t\t\t<\/div>\n\t\t<\/section>\n\t\t\t\t<section data-particle_enable=\"false\" data-particle-mobile-disabled=\"false\" class=\"elementor-section elementor-top-section elementor-element elementor-element-984429 elementor-hidden-phone elementor-hidden-desktop elementor-hidden-tablet elementor-section-boxed elementor-section-height-default elementor-section-height-default\" data-id=\"984429\" data-element_type=\"section\">\n\t\t\t\t\t\t<div class=\"elementor-container elementor-column-gap-default\">\n\t\t\t\t\t\t\t<div class=\"elementor-row\">\n\t\t\t\t\t<div class=\"elementor-column elementor-col-14 elementor-top-column elementor-element elementor-element-39a3a78c\" data-id=\"39a3a78c\" data-element_type=\"column\">\n\t\t\t<div class=\"elementor-column-wrap elementor-element-populated\">\n\t\t\t\t\t\t\t<div class=\"elementor-widget-wrap\">\n\t\t\t\t\t\t<div class=\"elementor-element elementor-element-d5f9772 animated-slow elementor-invisible elementor-widget elementor-widget-text-editor\" data-id=\"d5f9772\" data-element_type=\"widget\" data-settings=\"{&quot;_animation&quot;:&quot;slideInLeft&quot;,&quot;_animation_delay&quot;:5}\" data-widget_type=\"text-editor.default\">\n\t\t\t\t<div class=\"elementor-widget-container\">\n\t\t\t\t\t\t\t\t<div class=\"elementor-text-editor elementor-clearfix\">\n\t\t\t\t\t<p>Na obmo\u010dju dana\u0161nje Ljubljane se pojavi prva kolonija starih Rimljanov. Tej odlo\u010ditvi sta botrovala odli\u010dna strate\u0161ka lega in obilica naravnih bogastev.<\/p>\t\t\t\t\t<\/div>\n\t\t\t\t\t\t<\/div>\n\t\t\t\t<\/div>\n\t\t\t\t<div class=\"elementor-element elementor-element-1cfe0f79 elementor-widget elementor-widget-heading\" data-id=\"1cfe0f79\" data-element_type=\"widget\" data-widget_type=\"heading.default\">\n\t\t\t\t<div class=\"elementor-widget-container\">\n\t\t\t<h2 class=\"elementor-heading-title elementor-size-default\">Za\u010detek 1. stoletja<\/h2>\t\t<\/div>\n\t\t\t\t<\/div>\n\t\t\t\t<div class=\"elementor-element elementor-element-27d4d0d6 animated-slow elementor-hidden-phone elementor-invisible elementor-widget elementor-widget-spacer\" data-id=\"27d4d0d6\" data-element_type=\"widget\" data-settings=\"{&quot;_animation&quot;:&quot;slideInLeft&quot;}\" data-widget_type=\"spacer.default\">\n\t\t\t\t<div class=\"elementor-widget-container\">\n\t\t\t\t\t<div class=\"elementor-spacer\">\n\t\t\t<div class=\"elementor-spacer-inner\"><\/div>\n\t\t<\/div>\n\t\t\t\t<\/div>\n\t\t\t\t<\/div>\n\t\t\t\t\t\t<\/div>\n\t\t\t\t\t<\/div>\n\t\t<\/div>\n\t\t\t\t<div class=\"elementor-column elementor-col-14 elementor-top-column elementor-element elementor-element-46c90090\" data-id=\"46c90090\" data-element_type=\"column\">\n\t\t\t<div class=\"elementor-column-wrap\">\n\t\t\t\t\t\t\t<div class=\"elementor-widget-wrap\">\n\t\t\t\t\t\t\t\t<\/div>\n\t\t\t\t\t<\/div>\n\t\t<\/div>\n\t\t\t\t<div class=\"elementor-column elementor-col-14 elementor-top-column elementor-element elementor-element-2e3ef9f3\" data-id=\"2e3ef9f3\" data-element_type=\"column\">\n\t\t\t<div class=\"elementor-column-wrap elementor-element-populated\">\n\t\t\t\t\t\t\t<div class=\"elementor-widget-wrap\">\n\t\t\t\t\t\t<div class=\"elementor-element elementor-element-31b1f101 animated-slow elementor-invisible elementor-widget elementor-widget-text-editor\" data-id=\"31b1f101\" data-element_type=\"widget\" data-settings=\"{&quot;_animation&quot;:&quot;slideInLeft&quot;,&quot;_animation_delay&quot;:5}\" data-widget_type=\"text-editor.default\">\n\t\t\t\t<div class=\"elementor-widget-container\">\n\t\t\t\t\t\t\t\t<div class=\"elementor-text-editor elementor-clearfix\">\n\t\t\t\t\t<p>Za\u010dne se proizvodnja bombonov \u0160umi. Manj\u0161a obrtni\u0161ka dejavnost kmalu preraste v pravo industrijo in tako nastane ena od najbolj prepoznavnih blagovnih znamk regije.<\/p>\t\t\t\t\t<\/div>\n\t\t\t\t\t\t<\/div>\n\t\t\t\t<\/div>\n\t\t\t\t<div class=\"elementor-element elementor-element-10e7fb74 elementor-widget elementor-widget-heading\" data-id=\"10e7fb74\" data-element_type=\"widget\" data-widget_type=\"heading.default\">\n\t\t\t\t<div class=\"elementor-widget-container\">\n\t\t\t<h2 class=\"elementor-heading-title elementor-size-default\">1876 - 2. sv. vojna<\/h2>\t\t<\/div>\n\t\t\t\t<\/div>\n\t\t\t\t<div class=\"elementor-element elementor-element-37533bff animated-slow elementor-hidden-phone elementor-invisible elementor-widget elementor-widget-spacer\" data-id=\"37533bff\" data-element_type=\"widget\" data-settings=\"{&quot;_animation&quot;:&quot;slideInLeft&quot;}\" data-widget_type=\"spacer.default\">\n\t\t\t\t<div class=\"elementor-widget-container\">\n\t\t\t\t\t<div class=\"elementor-spacer\">\n\t\t\t<div class=\"elementor-spacer-inner\"><\/div>\n\t\t<\/div>\n\t\t\t\t<\/div>\n\t\t\t\t<\/div>\n\t\t\t\t\t\t<\/div>\n\t\t\t\t\t<\/div>\n\t\t<\/div>\n\t\t\t\t<div class=\"elementor-column elementor-col-14 elementor-top-column elementor-element elementor-element-251be61b\" data-id=\"251be61b\" data-element_type=\"column\">\n\t\t\t<div class=\"elementor-column-wrap\">\n\t\t\t\t\t\t\t<div class=\"elementor-widget-wrap\">\n\t\t\t\t\t\t\t\t<\/div>\n\t\t\t\t\t<\/div>\n\t\t<\/div>\n\t\t\t\t<div class=\"elementor-column elementor-col-14 elementor-top-column elementor-element elementor-element-2670b993\" data-id=\"2670b993\" data-element_type=\"column\">\n\t\t\t<div class=\"elementor-column-wrap elementor-element-populated\">\n\t\t\t\t\t\t\t<div class=\"elementor-widget-wrap\">\n\t\t\t\t\t\t<div class=\"elementor-element elementor-element-9a1b0b4 animated-slow elementor-invisible elementor-widget elementor-widget-text-editor\" data-id=\"9a1b0b4\" data-element_type=\"widget\" data-settings=\"{&quot;_animation&quot;:&quot;slideInRight&quot;,&quot;_animation_delay&quot;:5}\" data-widget_type=\"text-editor.default\">\n\t\t\t\t<div class=\"elementor-widget-container\">\n\t\t\t\t\t\t\t\t<div class=\"elementor-text-editor elementor-clearfix\">\n\t\t\t\t\t<p>Proizvodnja bombonov se je preselila, na mestu tovarne pa se je v 70ih letih odprl lokal \u0160umi. Zaradi izjemne lokacije so ga ljubljan\u010dani vzeli za svojega in hitro je postal eno od glavnih zbirali\u0161\u010d umetnikov in kulturnikov.<\/p>\t\t\t\t\t<\/div>\n\t\t\t\t\t\t<\/div>\n\t\t\t\t<\/div>\n\t\t\t\t<div class=\"elementor-element elementor-element-779546e1 elementor-widget elementor-widget-heading\" data-id=\"779546e1\" data-element_type=\"widget\" data-widget_type=\"heading.default\">\n\t\t\t\t<div class=\"elementor-widget-container\">\n\t\t\t<h2 class=\"elementor-heading-title elementor-size-default\">Obdobje 70' - 80' <\/h2>\t\t<\/div>\n\t\t\t\t<\/div>\n\t\t\t\t<div class=\"elementor-element elementor-element-4f3752b6 animated-slow elementor-hidden-phone elementor-invisible elementor-widget elementor-widget-spacer\" data-id=\"4f3752b6\" data-element_type=\"widget\" data-settings=\"{&quot;_animation&quot;:&quot;slideInRight&quot;}\" data-widget_type=\"spacer.default\">\n\t\t\t\t<div class=\"elementor-widget-container\">\n\t\t\t\t\t<div class=\"elementor-spacer\">\n\t\t\t<div class=\"elementor-spacer-inner\"><\/div>\n\t\t<\/div>\n\t\t\t\t<\/div>\n\t\t\t\t<\/div>\n\t\t\t\t\t\t<\/div>\n\t\t\t\t\t<\/div>\n\t\t<\/div>\n\t\t\t\t<div class=\"elementor-column elementor-col-14 elementor-top-column elementor-element elementor-element-56781848\" data-id=\"56781848\" data-element_type=\"column\">\n\t\t\t<div class=\"elementor-column-wrap\">\n\t\t\t\t\t\t\t<div class=\"elementor-widget-wrap\">\n\t\t\t\t\t\t\t\t<\/div>\n\t\t\t\t\t<\/div>\n\t\t<\/div>\n\t\t\t\t<div class=\"elementor-column elementor-col-14 elementor-top-column elementor-element elementor-element-13d0ea1a\" data-id=\"13d0ea1a\" data-element_type=\"column\">\n\t\t\t<div class=\"elementor-column-wrap elementor-element-populated\">\n\t\t\t\t\t\t\t<div class=\"elementor-widget-wrap\">\n\t\t\t\t\t\t<div class=\"elementor-element elementor-element-4c292faa animated-slow elementor-invisible elementor-widget elementor-widget-text-editor\" data-id=\"4c292faa\" data-element_type=\"widget\" data-settings=\"{&quot;_animation&quot;:&quot;slideInRight&quot;,&quot;_animation_delay&quot;:5}\" data-widget_type=\"text-editor.default\">\n\t\t\t\t<div class=\"elementor-widget-container\">\n\t\t\t\t\t\t\t\t<div class=\"elementor-text-editor elementor-clearfix\">\n\t\t\t\t\t<p>V centru Ljubljane so potekala \u0161tevilna arheolo\u0161ka izkopavanja. Bogata zgodovina mesta je pri\u0161la na dan, hkrati pa se je razvila ideja o stanovanjsko -komercialnem centru, kot ga v Sloveniji \u0161e ni bilo.\u00a0<\/p><p>Center \u0160umi je ponosen, da lahko nadaljuje to zgodbo.<\/p>\t\t\t\t\t<\/div>\n\t\t\t\t\t\t<\/div>\n\t\t\t\t<\/div>\n\t\t\t\t<div class=\"elementor-element elementor-element-3b84b894 elementor-widget elementor-widget-heading\" data-id=\"3b84b894\" data-element_type=\"widget\" data-widget_type=\"heading.default\">\n\t\t\t\t<div class=\"elementor-widget-container\">\n\t\t\t<h2 class=\"elementor-heading-title elementor-size-default\">od leta  2004 dalje<\/h2>\t\t<\/div>\n\t\t\t\t<\/div>\n\t\t\t\t<div class=\"elementor-element elementor-element-3ec6c5e6 animated-slow elementor-hidden-phone elementor-invisible elementor-widget elementor-widget-spacer\" data-id=\"3ec6c5e6\" data-element_type=\"widget\" data-settings=\"{&quot;_animation&quot;:&quot;slideInRight&quot;}\" data-widget_type=\"spacer.default\">\n\t\t\t\t<div class=\"elementor-widget-container\">\n\t\t\t\t\t<div class=\"elementor-spacer\">\n\t\t\t<div class=\"elementor-spacer-inner\"><\/div>\n\t\t<\/div>\n\t\t\t\t<\/div>\n\t\t\t\t<\/div>\n\t\t\t\t\t\t<\/div>\n\t\t\t\t\t<\/div>\n\t\t<\/div>\n\t\t\t\t\t\t\t\t<\/div>\n\t\t\t\t\t<\/div>\n\t\t<\/section>\n\t\t\t\t\t\t<\/div>\n\t\t\t\t\t\t<\/div>\n\t\t\t\t\t<\/div>","protected":false},"excerpt":{"rendered":"<p>\u0160UMI SKOZI \u010cAS Sodobno zasnovan Center \u0160umi se bohoti na mestu nekdanje kultne stavbe &#8211; iz \u010dasov, ko Ljubljana \u0161e ni bila evropska prestolnica. Zgodovina prostora je pre\u017eeta s \u0161tevilnimi zgodbami, med katerimi nekatere se\u017eejo v bronasto dobo, druge pri\u010dajo o velikem podjetni\u0161kem pogumu, tretje pa o ustvarjalnem naboju t.i. \u00bbgeneracije &#8217;68\u00ab \u2013 generacija umetnikov, [&hellip;]<\/p>","protected":false},"author":1,"featured_media":0,"parent":0,"menu_order":0,"comment_status":"closed","ping_status":"closed","template":"elementor_header_footer","meta":[],"_links":{"self":[{"href":"https:\/\/www.sumicenter.si\/en\/wp-json\/wp\/v2\/pages\/567"}],"collection":[{"href":"https:\/\/www.sumicenter.si\/en\/wp-json\/wp\/v2\/pages"}],"about":[{"href":"https:\/\/www.sumicenter.si\/en\/wp-json\/wp\/v2\/types\/page"}],"author":[{"embeddable":true,"href":"https:\/\/www.sumicenter.si\/en\/wp-json\/wp\/v2\/users\/1"}],"replies":[{"embeddable":true,"href":"https:\/\/www.sumicenter.si\/en\/wp-json\/wp\/v2\/comments?post=567"}],"version-history":[{"count":36,"href":"https:\/\/www.sumicenter.si\/en\/wp-json\/wp\/v2\/pages\/567\/revisions"}],"predecessor-version":[{"id":1092,"href":"https:\/\/www.sumicenter.si\/en\/wp-json\/wp\/v2\/pages\/567\/revisions\/1092"}],"wp:attachment":[{"href":"https:\/\/www.sumicenter.si\/en\/wp-json\/wp\/v2\/media?parent=567"}],"curies":[{"name":"wp","href":"https:\/\/api.w.org\/{rel}","templated":true}]}}