{"id":479,"date":"2020-02-21T19:55:56","date_gmt":"2020-02-21T19:55:56","guid":{"rendered":"https:\/\/www.sumicenter.si\/?page_id=479"},"modified":"2024-03-13T19:52:49","modified_gmt":"2024-03-13T19:52:49","slug":"objekt","status":"publish","type":"page","link":"https:\/\/www.sumicenter.si\/en\/objekt\/","title":{"rendered":"FACILITY"},"content":{"rendered":"<div data-elementor-type=\"wp-page\" data-elementor-id=\"479\" class=\"elementor elementor-479\" data-elementor-settings=\"[]\">\n\t\t\t\t\t\t<div class=\"elementor-inner\">\n\t\t\t\t\t\t\t<div class=\"elementor-section-wrap\">\n\t\t\t\t\t\t\t<section data-particle_enable=\"false\" data-particle-mobile-disabled=\"false\" class=\"elementor-section elementor-top-section elementor-element elementor-element-47f80804 elementor-section-height-min-height elementor-section-stretched elementor-section-full_width elementor-section-height-default elementor-section-items-middle\" data-id=\"47f80804\" data-element_type=\"section\" data-settings=\"{&quot;background_background&quot;:&quot;classic&quot;,&quot;stretch_section&quot;:&quot;section-stretched&quot;}\">\n\t\t\t\t\t\t\t<div class=\"elementor-background-overlay\"><\/div>\n\t\t\t\t\t\t\t<div class=\"elementor-container elementor-column-gap-default\">\n\t\t\t\t\t\t\t<div class=\"elementor-row\">\n\t\t\t\t\t<div class=\"elementor-column elementor-col-100 elementor-top-column elementor-element elementor-element-58fc4c7c\" data-id=\"58fc4c7c\" data-element_type=\"column\">\n\t\t\t<div class=\"elementor-column-wrap elementor-element-populated\">\n\t\t\t\t\t\t\t<div class=\"elementor-widget-wrap\">\n\t\t\t\t\t\t<section data-particle_enable=\"false\" data-particle-mobile-disabled=\"false\" class=\"elementor-section elementor-inner-section elementor-element elementor-element-307d6d21 elementor-section-boxed elementor-section-height-default elementor-section-height-default\" data-id=\"307d6d21\" data-element_type=\"section\">\n\t\t\t\t\t\t<div class=\"elementor-container elementor-column-gap-default\">\n\t\t\t\t\t\t\t<div class=\"elementor-row\">\n\t\t\t\t\t<div class=\"elementor-column elementor-col-100 elementor-inner-column elementor-element elementor-element-16eac105\" data-id=\"16eac105\" data-element_type=\"column\">\n\t\t\t<div class=\"elementor-column-wrap elementor-element-populated\">\n\t\t\t\t\t\t\t<div class=\"elementor-widget-wrap\">\n\t\t\t\t\t\t<div class=\"elementor-element elementor-element-23b67ff6 elementor-widget elementor-widget-heading\" data-id=\"23b67ff6\" data-element_type=\"widget\" data-settings=\"{&quot;motion_fx_motion_fx_scrolling&quot;:&quot;yes&quot;,&quot;motion_fx_translateY_effect&quot;:&quot;yes&quot;,&quot;motion_fx_translateY_speed&quot;:{&quot;unit&quot;:&quot;px&quot;,&quot;size&quot;:2.9,&quot;sizes&quot;:[]},&quot;motion_fx_translateY_affectedRange&quot;:{&quot;unit&quot;:&quot;%&quot;,&quot;size&quot;:&quot;&quot;,&quot;sizes&quot;:{&quot;start&quot;:0,&quot;end&quot;:100}},&quot;motion_fx_devices&quot;:[&quot;desktop&quot;,&quot;tablet&quot;,&quot;mobile&quot;]}\" data-widget_type=\"heading.default\">\n\t\t\t\t<div class=\"elementor-widget-container\">\n\t\t\t<h2 class=\"elementor-heading-title elementor-size-default\">DESIGNED FOR LIVING<\/h2>\t\t<\/div>\n\t\t\t\t<\/div>\n\t\t\t\t\t\t<\/div>\n\t\t\t\t\t<\/div>\n\t\t<\/div>\n\t\t\t\t\t\t\t\t<\/div>\n\t\t\t\t\t<\/div>\n\t\t<\/section>\n\t\t\t\t\t\t<\/div>\n\t\t\t\t\t<\/div>\n\t\t<\/div>\n\t\t\t\t\t\t\t\t<\/div>\n\t\t\t\t\t<\/div>\n\t\t<\/section>\n\t\t\t\t<section data-particle_enable=\"false\" data-particle-mobile-disabled=\"false\" class=\"elementor-section elementor-top-section elementor-element elementor-element-23cecf0 elementor-section-boxed elementor-section-height-default elementor-section-height-default\" data-id=\"23cecf0\" data-element_type=\"section\">\n\t\t\t\t\t\t<div class=\"elementor-container elementor-column-gap-default\">\n\t\t\t\t\t\t\t<div class=\"elementor-row\">\n\t\t\t\t\t<div class=\"elementor-column elementor-col-100 elementor-top-column elementor-element elementor-element-b0d79ae\" data-id=\"b0d79ae\" data-element_type=\"column\">\n\t\t\t<div class=\"elementor-column-wrap elementor-element-populated\">\n\t\t\t\t\t\t\t<div class=\"elementor-widget-wrap\">\n\t\t\t\t\t\t<div class=\"elementor-element elementor-element-0d9d693 elementor-widget elementor-widget-heading\" data-id=\"0d9d693\" data-element_type=\"widget\" data-widget_type=\"heading.default\">\n\t\t\t\t<div class=\"elementor-widget-container\">\n\t\t\t<h2 class=\"elementor-heading-title elementor-size-default\">ARCHITECTURAL DESIGN<\/h2>\t\t<\/div>\n\t\t\t\t<\/div>\n\t\t\t\t<section data-particle_enable=\"false\" data-particle-mobile-disabled=\"false\" class=\"elementor-section elementor-inner-section elementor-element elementor-element-8110fe7 elementor-section-boxed elementor-section-height-default elementor-section-height-default\" data-id=\"8110fe7\" data-element_type=\"section\">\n\t\t\t\t\t\t<div class=\"elementor-container elementor-column-gap-default\">\n\t\t\t\t\t\t\t<div class=\"elementor-row\">\n\t\t\t\t\t<div class=\"elementor-column elementor-col-100 elementor-inner-column elementor-element elementor-element-58812e6\" data-id=\"58812e6\" data-element_type=\"column\">\n\t\t\t<div class=\"elementor-column-wrap elementor-element-populated\">\n\t\t\t\t\t\t\t<div class=\"elementor-widget-wrap\">\n\t\t\t\t\t\t<div class=\"elementor-element elementor-element-a812096 elementor-widget elementor-widget-image\" data-id=\"a812096\" data-element_type=\"widget\" data-widget_type=\"image.default\">\n\t\t\t\t<div class=\"elementor-widget-container\">\n\t\t\t\t\t\t\t\t<div class=\"elementor-image\">\n\t\t\t\t\t\t\t\t\t\t\t\t<img width=\"2560\" height=\"1810\" src=\"https:\/\/www.sumicenter.si\/wp-content\/uploads\/2020\/04\/prerez-spletna-stran-1-scaled.jpg\" class=\"attachment-full size-full\" alt=\"\" loading=\"lazy\" srcset=\"https:\/\/www.sumicenter.si\/wp-content\/uploads\/2020\/04\/prerez-spletna-stran-1-scaled.jpg 2560w, https:\/\/www.sumicenter.si\/wp-content\/uploads\/2020\/04\/prerez-spletna-stran-1-300x212.jpg 300w, https:\/\/www.sumicenter.si\/wp-content\/uploads\/2020\/04\/prerez-spletna-stran-1-1024x724.jpg 1024w, https:\/\/www.sumicenter.si\/wp-content\/uploads\/2020\/04\/prerez-spletna-stran-1-768x543.jpg 768w, https:\/\/www.sumicenter.si\/wp-content\/uploads\/2020\/04\/prerez-spletna-stran-1-1536x1086.jpg 1536w, https:\/\/www.sumicenter.si\/wp-content\/uploads\/2020\/04\/prerez-spletna-stran-1-2048x1448.jpg 2048w\" sizes=\"(max-width: 2560px) 100vw, 2560px\" \/>\t\t\t\t\t\t\t\t\t\t\t\t\t\t<\/div>\n\t\t\t\t\t\t<\/div>\n\t\t\t\t<\/div>\n\t\t\t\t\t\t<\/div>\n\t\t\t\t\t<\/div>\n\t\t<\/div>\n\t\t\t\t\t\t\t\t<\/div>\n\t\t\t\t\t<\/div>\n\t\t<\/section>\n\t\t\t\t\t\t<\/div>\n\t\t\t\t\t<\/div>\n\t\t<\/div>\n\t\t\t\t\t\t\t\t<\/div>\n\t\t\t\t\t<\/div>\n\t\t<\/section>\n\t\t\t\t<section data-particle_enable=\"false\" data-particle-mobile-disabled=\"false\" class=\"elementor-section elementor-top-section elementor-element elementor-element-51af133 elementor-section-boxed elementor-section-height-default elementor-section-height-default\" data-id=\"51af133\" data-element_type=\"section\">\n\t\t\t\t\t\t<div class=\"elementor-container elementor-column-gap-default\">\n\t\t\t\t\t\t\t<div class=\"elementor-row\">\n\t\t\t\t\t<div class=\"elementor-column elementor-col-50 elementor-top-column elementor-element elementor-element-b02961a\" data-id=\"b02961a\" data-element_type=\"column\">\n\t\t\t<div class=\"elementor-column-wrap elementor-element-populated\">\n\t\t\t\t\t\t\t<div class=\"elementor-widget-wrap\">\n\t\t\t\t\t\t<div class=\"elementor-element elementor-element-b9ba65b elementor-widget elementor-widget-heading\" data-id=\"b9ba65b\" data-element_type=\"widget\" data-widget_type=\"heading.default\">\n\t\t\t\t<div class=\"elementor-widget-container\">\n\t\t\t<h2 class=\"elementor-heading-title elementor-size-default\">Center \u0160umi - srce mesta<\/h2>\t\t<\/div>\n\t\t\t\t<\/div>\n\t\t\t\t<div class=\"elementor-element elementor-element-5a4513f elementor-widget elementor-widget-text-editor\" data-id=\"5a4513f\" data-element_type=\"widget\" data-widget_type=\"text-editor.default\">\n\t\t\t\t<div class=\"elementor-widget-container\">\n\t\t\t\t\t\t\t\t<div class=\"elementor-text-editor elementor-clearfix\">\n\t\t\t\t\t<p class=\"bodytext\">Center \u0160umi obsega stanovanjski, trgovsko-gostinski ter hotelski del.<\/p>\n<p class=\"bodytext\">Stanovanjski del ima 95 stanovanj. Od&nbsp;1. do 6. nadstropja se nahajajo 2,3, in 4-sobna stanovanja, ki imajo poglede na grajski gri\u010d, Ro\u017enik, Barje, staro Ljubljano.<\/p>\n<p class=\"bodytext\">Trgovsko-gostinski del se nahaja v pritli\u010dju in 1. kleti,&nbsp;hotelski del pa se nahaja od 1. do 6. nadstropja na severnem delu objekta.<\/p>\n<p class=\"bodytext\">The building has a 4-level basement in which depositories and parking facilities, both private and public, are located.<\/p>\t\t\t\t\t<\/div>\n\t\t\t\t\t\t<\/div>\n\t\t\t\t<\/div>\n\t\t\t\t\t\t<\/div>\n\t\t\t\t\t<\/div>\n\t\t<\/div>\n\t\t\t\t<div class=\"elementor-column elementor-col-50 elementor-top-column elementor-element elementor-element-77e8cb2\" data-id=\"77e8cb2\" data-element_type=\"column\">\n\t\t\t<div class=\"elementor-column-wrap elementor-element-populated\">\n\t\t\t\t\t\t\t<div class=\"elementor-widget-wrap\">\n\t\t\t\t\t\t<div class=\"elementor-element elementor-element-d8c8272 elementor-widget elementor-widget-image\" data-id=\"d8c8272\" data-element_type=\"widget\" data-settings=\"{&quot;motion_fx_motion_fx_scrolling&quot;:&quot;yes&quot;,&quot;motion_fx_translateY_effect&quot;:&quot;yes&quot;,&quot;motion_fx_translateY_affectedRange&quot;:{&quot;unit&quot;:&quot;%&quot;,&quot;size&quot;:&quot;&quot;,&quot;sizes&quot;:{&quot;start&quot;:25,&quot;end&quot;:75}},&quot;motion_fx_translateY_speed&quot;:{&quot;unit&quot;:&quot;px&quot;,&quot;size&quot;:2,&quot;sizes&quot;:[]},&quot;motion_fx_devices&quot;:[&quot;desktop&quot;,&quot;tablet&quot;,&quot;mobile&quot;]}\" data-widget_type=\"image.default\">\n\t\t\t\t<div class=\"elementor-widget-container\">\n\t\t\t\t\t\t\t\t<div class=\"elementor-image\">\n\t\t\t\t\t\t\t\t\t\t\t\t<img width=\"800\" height=\"652\" src=\"https:\/\/www.sumicenter.si\/wp-content\/uploads\/2020\/09\/demo-\u0161umi1-1024x834.png\" class=\"attachment-large size-large\" alt=\"\" loading=\"lazy\" srcset=\"https:\/\/www.sumicenter.si\/wp-content\/uploads\/2020\/09\/demo-\u0161umi1-1024x834.png 1024w, https:\/\/www.sumicenter.si\/wp-content\/uploads\/2020\/09\/demo-\u0161umi1-300x244.png 300w, https:\/\/www.sumicenter.si\/wp-content\/uploads\/2020\/09\/demo-\u0161umi1-768x625.png 768w, https:\/\/www.sumicenter.si\/wp-content\/uploads\/2020\/09\/demo-\u0161umi1-1536x1251.png 1536w, https:\/\/www.sumicenter.si\/wp-content\/uploads\/2020\/09\/demo-\u0161umi1-2048x1668.png 2048w\" sizes=\"(max-width: 800px) 100vw, 800px\" \/>\t\t\t\t\t\t\t\t\t\t\t\t\t\t<\/div>\n\t\t\t\t\t\t<\/div>\n\t\t\t\t<\/div>\n\t\t\t\t\t\t<\/div>\n\t\t\t\t\t<\/div>\n\t\t<\/div>\n\t\t\t\t\t\t\t\t<\/div>\n\t\t\t\t\t<\/div>\n\t\t<\/section>\n\t\t\t\t\t\t<\/div>\n\t\t\t\t\t\t<\/div>\n\t\t\t\t\t<\/div>","protected":false},"excerpt":{"rendered":"<p>ZASNOVAN ZA BIVANJE ARHITEKTURNA ZASNOVA Center \u0160umi &#8211; srce mesta Center \u0160umi obsega stanovanjski, trgovsko-gostinski ter hotelski del. Stanovanjski del ima 95 stanovanj. Od&nbsp;1. do 6. nadstropja se nahajajo 2,3, in 4-sobna stanovanja, ki imajo poglede na grajski gri\u010d, Ro\u017enik, Barje, staro Ljubljano. Trgovsko-gostinski del se nahaja v pritli\u010dju in 1. kleti,&nbsp;hotelski del pa se [&hellip;]<\/p>","protected":false},"author":1,"featured_media":0,"parent":0,"menu_order":0,"comment_status":"closed","ping_status":"closed","template":"elementor_header_footer","meta":[],"_links":{"self":[{"href":"https:\/\/www.sumicenter.si\/en\/wp-json\/wp\/v2\/pages\/479"}],"collection":[{"href":"https:\/\/www.sumicenter.si\/en\/wp-json\/wp\/v2\/pages"}],"about":[{"href":"https:\/\/www.sumicenter.si\/en\/wp-json\/wp\/v2\/types\/page"}],"author":[{"embeddable":true,"href":"https:\/\/www.sumicenter.si\/en\/wp-json\/wp\/v2\/users\/1"}],"replies":[{"embeddable":true,"href":"https:\/\/www.sumicenter.si\/en\/wp-json\/wp\/v2\/comments?post=479"}],"version-history":[{"count":77,"href":"https:\/\/www.sumicenter.si\/en\/wp-json\/wp\/v2\/pages\/479\/revisions"}],"predecessor-version":[{"id":3311,"href":"https:\/\/www.sumicenter.si\/en\/wp-json\/wp\/v2\/pages\/479\/revisions\/3311"}],"wp:attachment":[{"href":"https:\/\/www.sumicenter.si\/en\/wp-json\/wp\/v2\/media?parent=479"}],"curies":[{"name":"wp","href":"https:\/\/api.w.org\/{rel}","templated":true}]}}