{"id":3320,"date":"2024-04-18T19:36:13","date_gmt":"2024-04-18T19:36:13","guid":{"rendered":"https:\/\/www.sumicenter.si\/?page_id=3320"},"modified":"2025-11-30T22:41:22","modified_gmt":"2025-11-30T22:41:22","slug":"garazna-hisa-cenik","status":"publish","type":"page","link":"https:\/\/www.sumicenter.si\/en\/garazna-hisa-cenik\/","title":{"rendered":"Gara\u017ena hi\u0161a &#8211; Cenik"},"content":{"rendered":"<div data-elementor-type=\"wp-page\" data-elementor-id=\"3320\" class=\"elementor elementor-3320\" data-elementor-settings=\"[]\">\n\t\t\t\t\t\t<div class=\"elementor-inner\">\n\t\t\t\t\t\t\t<div class=\"elementor-section-wrap\">\n\t\t\t\t\t\t\t<section data-particle_enable=\"false\" data-particle-mobile-disabled=\"false\" class=\"elementor-section elementor-top-section elementor-element elementor-element-19d94077 elementor-section-height-min-height elementor-section-full_width elementor-section-height-default elementor-section-items-middle\" data-id=\"19d94077\" data-element_type=\"section\" data-settings=\"{&quot;background_background&quot;:&quot;classic&quot;}\">\n\t\t\t\t\t\t\t<div class=\"elementor-background-overlay\"><\/div>\n\t\t\t\t\t\t\t<div class=\"elementor-container elementor-column-gap-default\">\n\t\t\t\t\t\t\t<div class=\"elementor-row\">\n\t\t\t\t\t<div class=\"elementor-column elementor-col-100 elementor-top-column elementor-element elementor-element-2cba1ed1\" data-id=\"2cba1ed1\" data-element_type=\"column\">\n\t\t\t<div class=\"elementor-column-wrap elementor-element-populated\">\n\t\t\t\t\t\t\t<div class=\"elementor-widget-wrap\">\n\t\t\t\t\t\t<section data-particle_enable=\"false\" data-particle-mobile-disabled=\"false\" class=\"elementor-section elementor-inner-section elementor-element elementor-element-498d67ff elementor-section-boxed elementor-section-height-default elementor-section-height-default\" data-id=\"498d67ff\" data-element_type=\"section\">\n\t\t\t\t\t\t<div class=\"elementor-container elementor-column-gap-default\">\n\t\t\t\t\t\t\t<div class=\"elementor-row\">\n\t\t\t\t\t<div class=\"elementor-column elementor-col-100 elementor-inner-column elementor-element elementor-element-522cb387\" data-id=\"522cb387\" data-element_type=\"column\" data-settings=\"{&quot;background_background&quot;:&quot;gradient&quot;}\">\n\t\t\t<div class=\"elementor-column-wrap elementor-element-populated\">\n\t\t\t\t\t\t\t<div class=\"elementor-widget-wrap\">\n\t\t\t\t\t\t<div class=\"elementor-element elementor-element-43f8e82d elementor-widget elementor-widget-heading\" data-id=\"43f8e82d\" data-element_type=\"widget\" data-widget_type=\"heading.default\">\n\t\t\t\t<div class=\"elementor-widget-container\">\n\t\t\t<h2 class=\"elementor-heading-title elementor-size-default\">Parking garage<\/h2>\t\t<\/div>\n\t\t\t\t<\/div>\n\t\t\t\t\t\t<\/div>\n\t\t\t\t\t<\/div>\n\t\t<\/div>\n\t\t\t\t\t\t\t\t<\/div>\n\t\t\t\t\t<\/div>\n\t\t<\/section>\n\t\t\t\t\t\t<\/div>\n\t\t\t\t\t<\/div>\n\t\t<\/div>\n\t\t\t\t\t\t\t\t<\/div>\n\t\t\t\t\t<\/div>\n\t\t<\/section>\n\t\t\t\t<section data-particle_enable=\"false\" data-particle-mobile-disabled=\"false\" class=\"elementor-section elementor-top-section elementor-element elementor-element-50fd77e elementor-section-boxed elementor-section-height-default elementor-section-height-default\" data-id=\"50fd77e\" data-element_type=\"section\">\n\t\t\t\t\t\t<div class=\"elementor-container elementor-column-gap-default\">\n\t\t\t\t\t\t\t<div class=\"elementor-row\">\n\t\t\t\t\t<div class=\"elementor-column elementor-col-100 elementor-top-column elementor-element elementor-element-798d9a3\" data-id=\"798d9a3\" data-element_type=\"column\">\n\t\t\t<div class=\"elementor-column-wrap elementor-element-populated\">\n\t\t\t\t\t\t\t<div class=\"elementor-widget-wrap\">\n\t\t\t\t\t\t<div class=\"elementor-element elementor-element-aa092b8 elementor-widget elementor-widget-heading\" data-id=\"aa092b8\" data-element_type=\"widget\" data-widget_type=\"heading.default\">\n\t\t\t\t<div class=\"elementor-widget-container\">\n\t\t\t<h1 class=\"elementor-heading-title elementor-size-default\">PRICE LIST OF PARKING<\/h1>\t\t<\/div>\n\t\t\t\t<\/div>\n\t\t\t\t<section data-particle_enable=\"false\" data-particle-mobile-disabled=\"false\" class=\"elementor-section elementor-inner-section elementor-element elementor-element-7f032b6 elementor-section-full_width elementor-hidden-phone elementor-section-height-default elementor-section-height-default\" data-id=\"7f032b6\" data-element_type=\"section\">\n\t\t\t\t\t\t<div class=\"elementor-container elementor-column-gap-default\">\n\t\t\t\t\t\t\t<div class=\"elementor-row\">\n\t\t\t\t\t<div class=\"elementor-column elementor-col-50 elementor-inner-column elementor-element elementor-element-2a577a2\" data-id=\"2a577a2\" data-element_type=\"column\">\n\t\t\t<div class=\"elementor-column-wrap elementor-element-populated\">\n\t\t\t\t\t\t\t<div class=\"elementor-widget-wrap\">\n\t\t\t\t\t\t<div class=\"elementor-element elementor-element-a13f8ef elementor-widget elementor-widget-text-editor\" data-id=\"a13f8ef\" data-element_type=\"widget\" data-widget_type=\"text-editor.default\">\n\t\t\t\t<div class=\"elementor-widget-container\">\n\t\t\t\t\t\t\t\t<div class=\"elementor-text-editor elementor-clearfix\">\n\t\t\t\t\t<p style=\"text-align: left;\"><strong>Hourly parking<\/strong><\/p><p style=\"text-align: left;\">The price for each started hour of parking<\/p><p>\u00a0<\/p><p style=\"text-align: left;\"><strong style=\"color: var( --e-global-color-text ); text-align: left;\">All-day parking<\/strong><\/p><p style=\"text-align: left;\">All-day parking (up to 24 hours)<\/p><p>\u00a0<\/p><p style=\"text-align: left;\"><strong>Parking ticket<\/strong><\/p><p style=\"text-align: left;\">Contract users<\/p><p style=\"text-align: left;\">Lost or destroyed parkirng ticket<\/p><p style=\"text-align: left;\"><strong>Contract users<\/strong><\/p><p style=\"text-align: left;\">Monthly parking \u2013 negotiable based on availability<\/p><p style=\"text-align: left;\">\u00a0<\/p>\t\t\t\t\t<\/div>\n\t\t\t\t\t\t<\/div>\n\t\t\t\t<\/div>\n\t\t\t\t\t\t<\/div>\n\t\t\t\t\t<\/div>\n\t\t<\/div>\n\t\t\t\t<div class=\"elementor-column elementor-col-50 elementor-inner-column elementor-element elementor-element-32b2e36\" data-id=\"32b2e36\" data-element_type=\"column\">\n\t\t\t<div class=\"elementor-column-wrap elementor-element-populated\">\n\t\t\t\t\t\t\t<div class=\"elementor-widget-wrap\">\n\t\t\t\t\t\t<div class=\"elementor-element elementor-element-ebb77bf elementor-widget elementor-widget-text-editor\" data-id=\"ebb77bf\" data-element_type=\"widget\" data-widget_type=\"text-editor.default\">\n\t\t\t\t<div class=\"elementor-widget-container\">\n\t\t\t\t\t\t\t\t<div class=\"elementor-text-editor elementor-clearfix\">\n\t\t\t\t\t<p>\u00a0<\/p><p style=\"text-align: right;\"><strong>1,90 \u20ac<\/strong><\/p><p>\u00a0<\/p><p>\u00a0<\/p><p style=\"text-align: right;\"><strong>45,00 \u20ac<\/strong><\/p><p>\u00a0<\/p><p>\u00a0<\/p><p style=\"text-align: right;\"><strong>20,00 \u20ac<\/strong><\/p><p style=\"text-align: right;\"><strong>25,00 \u20ac<\/strong><\/p><p style=\"text-align: right;\">\u00a0<\/p>\t\t\t\t\t<\/div>\n\t\t\t\t\t\t<\/div>\n\t\t\t\t<\/div>\n\t\t\t\t\t\t<\/div>\n\t\t\t\t\t<\/div>\n\t\t<\/div>\n\t\t\t\t\t\t\t\t<\/div>\n\t\t\t\t\t<\/div>\n\t\t<\/section>\n\t\t\t\t<section data-particle_enable=\"false\" data-particle-mobile-disabled=\"false\" class=\"elementor-section elementor-inner-section elementor-element elementor-element-d91f612 elementor-section-full_width elementor-hidden-desktop elementor-hidden-tablet elementor-section-height-default elementor-section-height-default\" data-id=\"d91f612\" data-element_type=\"section\">\n\t\t\t\t\t\t<div class=\"elementor-container elementor-column-gap-default\">\n\t\t\t\t\t\t\t<div class=\"elementor-row\">\n\t\t\t\t\t<div class=\"elementor-column elementor-col-100 elementor-inner-column elementor-element elementor-element-ee3ff41\" data-id=\"ee3ff41\" data-element_type=\"column\">\n\t\t\t<div class=\"elementor-column-wrap elementor-element-populated\">\n\t\t\t\t\t\t\t<div class=\"elementor-widget-wrap\">\n\t\t\t\t\t\t<div class=\"elementor-element elementor-element-217e3d9 elementor-widget elementor-widget-text-editor\" data-id=\"217e3d9\" data-element_type=\"widget\" data-widget_type=\"text-editor.default\">\n\t\t\t\t<div class=\"elementor-widget-container\">\n\t\t\t\t\t\t\t\t<div class=\"elementor-text-editor elementor-clearfix\">\n\t\t\t\t\t<p style=\"text-align: left;\"><strong>Hourly parking<\/strong><\/p><p style=\"text-align: left;\">The price for each started hour of parking\u00a0<\/p><p style=\"text-align: right;\"><span style=\"font-weight: bolder; text-align: right; color: var( --e-global-color-text );\">1,90 \u20ac<\/span><\/p><p style=\"text-align: left;\"><strong style=\"color: var( --e-global-color-text ); text-align: left;\">All-day parking<\/strong><\/p><p style=\"text-align: left;\">All-day parking (up to 24 hours)<\/p><p style=\"text-align: right;\"><strong>45,00 \u20ac<\/strong><\/p><p style=\"text-align: left;\"><strong>Parking ticket<\/strong><\/p><p style=\"text-align: left;\">Contract users<\/p><p style=\"text-align: right;\"><strong>20,00 \u20ac<\/strong><\/p><p style=\"text-align: left;\">Lost or destroyed parkirng ticket<\/p><p style=\"text-align: right;\"><strong>25,00 \u20ac<\/strong><\/p><p style=\"text-align: left;\"><strong>Contract users<\/strong><\/p><p style=\"text-align: left;\">Monthly parking \u2013 negotiable based on availability<\/p><p style=\"text-align: left;\">\u00a0<\/p>\t\t\t\t\t<\/div>\n\t\t\t\t\t\t<\/div>\n\t\t\t\t<\/div>\n\t\t\t\t\t\t<\/div>\n\t\t\t\t\t<\/div>\n\t\t<\/div>\n\t\t\t\t\t\t\t\t<\/div>\n\t\t\t\t\t<\/div>\n\t\t<\/section>\n\t\t\t\t<section data-particle_enable=\"false\" data-particle-mobile-disabled=\"false\" class=\"elementor-section elementor-inner-section elementor-element elementor-element-7cb7cfc elementor-section-full_width elementor-section-height-default elementor-section-height-default\" data-id=\"7cb7cfc\" data-element_type=\"section\">\n\t\t\t\t\t\t<div class=\"elementor-container elementor-column-gap-default\">\n\t\t\t\t\t\t\t<div class=\"elementor-row\">\n\t\t\t\t\t<div class=\"elementor-column elementor-col-100 elementor-inner-column elementor-element elementor-element-39119b5\" data-id=\"39119b5\" data-element_type=\"column\">\n\t\t\t<div class=\"elementor-column-wrap elementor-element-populated\">\n\t\t\t\t\t\t\t<div class=\"elementor-widget-wrap\">\n\t\t\t\t\t\t<div class=\"elementor-element elementor-element-e6046e4 elementor-widget elementor-widget-text-editor\" data-id=\"e6046e4\" data-element_type=\"widget\" data-widget_type=\"text-editor.default\">\n\t\t\t\t<div class=\"elementor-widget-container\">\n\t\t\t\t\t\t\t\t<div class=\"elementor-text-editor elementor-clearfix\">\n\t\t\t\t\t<p style=\"text-align: left;\">KD Group d.d.<\/p><p style=\"text-align: left;\">Dunajska cesta 63<\/p><p style=\"text-align: left;\">1000 Ljubljana<\/p><p style=\"text-align: left;\">The price list is valid from December 1, 2025.<\/p>\t\t\t\t\t<\/div>\n\t\t\t\t\t\t<\/div>\n\t\t\t\t<\/div>\n\t\t\t\t\t\t<\/div>\n\t\t\t\t\t<\/div>\n\t\t<\/div>\n\t\t\t\t\t\t\t\t<\/div>\n\t\t\t\t\t<\/div>\n\t\t<\/section>\n\t\t\t\t\t\t<\/div>\n\t\t\t\t\t<\/div>\n\t\t<\/div>\n\t\t\t\t\t\t\t\t<\/div>\n\t\t\t\t\t<\/div>\n\t\t<\/section>\n\t\t\t\t\t\t<\/div>\n\t\t\t\t\t\t<\/div>\n\t\t\t\t\t<\/div>","protected":false},"excerpt":{"rendered":"<p>Gara\u017ena hi\u0161a CENIK PARKIRANJA V GARA\u017dNI HI\u0160I \u0160UMI Urno parkiranje Cena za vsako za\u010deto uro parkiranja \u00a0 Celodnevno parkiranje Celodnevno parkiranje (do 24 ur) \u00a0 Parkirna kartica Abonenti Izgubljena ali uni\u010dena kartica Abonenti Mese\u010dni najem po dogovoru glede na razpolo\u017eljivost \u00a0 \u00a0 1,90 \u20ac \u00a0 \u00a0 45,00 \u20ac \u00a0 \u00a0 20,00 \u20ac 25,00 \u20ac \u00a0 [&hellip;]<\/p>","protected":false},"author":169,"featured_media":0,"parent":0,"menu_order":0,"comment_status":"closed","ping_status":"closed","template":"","meta":[],"_links":{"self":[{"href":"https:\/\/www.sumicenter.si\/en\/wp-json\/wp\/v2\/pages\/3320"}],"collection":[{"href":"https:\/\/www.sumicenter.si\/en\/wp-json\/wp\/v2\/pages"}],"about":[{"href":"https:\/\/www.sumicenter.si\/en\/wp-json\/wp\/v2\/types\/page"}],"author":[{"embeddable":true,"href":"https:\/\/www.sumicenter.si\/en\/wp-json\/wp\/v2\/users\/169"}],"replies":[{"embeddable":true,"href":"https:\/\/www.sumicenter.si\/en\/wp-json\/wp\/v2\/comments?post=3320"}],"version-history":[{"count":41,"href":"https:\/\/www.sumicenter.si\/en\/wp-json\/wp\/v2\/pages\/3320\/revisions"}],"predecessor-version":[{"id":3403,"href":"https:\/\/www.sumicenter.si\/en\/wp-json\/wp\/v2\/pages\/3320\/revisions\/3403"}],"wp:attachment":[{"href":"https:\/\/www.sumicenter.si\/en\/wp-json\/wp\/v2\/media?parent=3320"}],"curies":[{"name":"wp","href":"https:\/\/api.w.org\/{rel}","templated":true}]}}