{"id":3127,"date":"2023-10-23T18:37:25","date_gmt":"2023-10-23T18:37:25","guid":{"rendered":"https:\/\/www.sumicenter.si\/?page_id=3127"},"modified":"2026-02-18T11:48:06","modified_gmt":"2026-02-18T11:48:06","slug":"oddaja-prodaja","status":"publish","type":"page","link":"https:\/\/www.sumicenter.si\/en\/oddaja-prodaja\/","title":{"rendered":"Oddaja\/prodaja"},"content":{"rendered":"<div data-elementor-type=\"wp-page\" data-elementor-id=\"3127\" class=\"elementor elementor-3127\" data-elementor-settings=\"[]\">\n\t\t\t\t\t\t<div class=\"elementor-inner\">\n\t\t\t\t\t\t\t<div class=\"elementor-section-wrap\">\n\t\t\t\t\t\t\t<section data-particle_enable=\"false\" data-particle-mobile-disabled=\"false\" class=\"elementor-section elementor-top-section elementor-element elementor-element-19d94077 elementor-section-height-min-height elementor-section-content-bottom elementor-section-full_width elementor-section-height-default elementor-section-items-middle\" data-id=\"19d94077\" data-element_type=\"section\" data-settings=\"{&quot;background_background&quot;:&quot;classic&quot;}\">\n\t\t\t\t\t\t<div class=\"elementor-container elementor-column-gap-default\">\n\t\t\t\t\t\t\t<div class=\"elementor-row\">\n\t\t\t\t\t<div class=\"elementor-column elementor-col-100 elementor-top-column elementor-element elementor-element-2cba1ed1\" data-id=\"2cba1ed1\" data-element_type=\"column\">\n\t\t\t<div class=\"elementor-column-wrap elementor-element-populated\">\n\t\t\t\t\t\t\t<div class=\"elementor-widget-wrap\">\n\t\t\t\t\t\t<section data-particle_enable=\"false\" data-particle-mobile-disabled=\"false\" class=\"elementor-section elementor-inner-section elementor-element elementor-element-498d67ff elementor-section-boxed elementor-section-height-default elementor-section-height-default\" data-id=\"498d67ff\" data-element_type=\"section\">\n\t\t\t\t\t\t<div class=\"elementor-container elementor-column-gap-default\">\n\t\t\t\t\t\t\t<div class=\"elementor-row\">\n\t\t\t\t\t<div class=\"elementor-column elementor-col-100 elementor-inner-column elementor-element elementor-element-522cb387\" data-id=\"522cb387\" data-element_type=\"column\" data-settings=\"{&quot;background_background&quot;:&quot;gradient&quot;}\">\n\t\t\t<div class=\"elementor-column-wrap elementor-element-populated\">\n\t\t\t\t\t\t\t<div class=\"elementor-widget-wrap\">\n\t\t\t\t\t\t<div class=\"elementor-element elementor-element-43f8e82d elementor-widget elementor-widget-heading\" data-id=\"43f8e82d\" data-element_type=\"widget\" data-widget_type=\"heading.default\">\n\t\t\t\t<div class=\"elementor-widget-container\">\n\t\t\t<h1 class=\"elementor-heading-title elementor-size-default\">In the strict city center of Ljubljana, we are offering premium commercial premises in a prestigious and exceptionally high\u2011traffic location that ensures visibility, accessibility, and professional reputation. These are representative spaces suitable for consulting services, an architectural or design studio, a private clinic, a cosmetic or aesthetic salon, and other high\u2011end service activities.\n<\/h1>\t\t<\/div>\n\t\t\t\t<\/div>\n\t\t\t\t\t\t<\/div>\n\t\t\t\t\t<\/div>\n\t\t<\/div>\n\t\t\t\t\t\t\t\t<\/div>\n\t\t\t\t\t<\/div>\n\t\t<\/section>\n\t\t\t\t\t\t<\/div>\n\t\t\t\t\t<\/div>\n\t\t<\/div>\n\t\t\t\t\t\t\t\t<\/div>\n\t\t\t\t\t<\/div>\n\t\t<\/section>\n\t\t\t\t<section data-particle_enable=\"false\" data-particle-mobile-disabled=\"false\" class=\"elementor-section elementor-top-section elementor-element elementor-element-ac03186 elementor-section-content-middle elementor-section-boxed elementor-section-height-default elementor-section-height-default\" data-id=\"ac03186\" data-element_type=\"section\">\n\t\t\t\t\t\t<div class=\"elementor-container elementor-column-gap-no\">\n\t\t\t\t\t\t\t<div class=\"elementor-row\">\n\t\t\t\t\t<div class=\"elementor-column elementor-col-50 elementor-top-column elementor-element elementor-element-f646fbd\" data-id=\"f646fbd\" data-element_type=\"column\">\n\t\t\t<div class=\"elementor-column-wrap elementor-element-populated\">\n\t\t\t\t\t\t\t<div class=\"elementor-widget-wrap\">\n\t\t\t\t\t\t<div class=\"elementor-element elementor-element-439d176 elementor-hidden-phone elementor-widget elementor-widget-text-editor\" data-id=\"439d176\" data-element_type=\"widget\" data-widget_type=\"text-editor.default\">\n\t\t\t\t<div class=\"elementor-widget-container\">\n\t\t\t\t\t\t\t\t<div class=\"elementor-text-editor elementor-clearfix\">\n\t\t\t\t\t<p>Ground floor<\/p>\t\t\t\t\t<\/div>\n\t\t\t\t\t\t<\/div>\n\t\t\t\t<\/div>\n\t\t\t\t<div class=\"elementor-element elementor-element-64c164b elementor-hidden-desktop elementor-hidden-tablet elementor-widget elementor-widget-text-editor\" data-id=\"64c164b\" data-element_type=\"widget\" data-widget_type=\"text-editor.default\">\n\t\t\t\t<div class=\"elementor-widget-container\">\n\t\t\t\t\t\t\t\t<div class=\"elementor-text-editor elementor-clearfix\">\n\t\t\t\t\t<p>Ground floor<\/p>\t\t\t\t\t<\/div>\n\t\t\t\t\t\t<\/div>\n\t\t\t\t<\/div>\n\t\t\t\t<div class=\"elementor-element elementor-element-d7f5e4c elementor-widget elementor-widget-heading\" data-id=\"d7f5e4c\" data-element_type=\"widget\" data-widget_type=\"heading.default\">\n\t\t\t\t<div class=\"elementor-widget-container\">\n\t\t\t<h3 class=\"elementor-heading-title elementor-size-default\"><a href=\"https:\/\/www.sumicenter.si\/en\/k-p3\/\">Commercial space 3<\/a><\/h3>\t\t<\/div>\n\t\t\t\t<\/div>\n\t\t\t\t<section data-particle_enable=\"false\" data-particle-mobile-disabled=\"false\" class=\"elementor-section elementor-inner-section elementor-element elementor-element-aecec41 elementor-section-boxed elementor-section-height-default elementor-section-height-default\" data-id=\"aecec41\" data-element_type=\"section\">\n\t\t\t\t\t\t<div class=\"elementor-container elementor-column-gap-default\">\n\t\t\t\t\t\t\t<div class=\"elementor-row\">\n\t\t\t\t\t<div class=\"elementor-column elementor-col-100 elementor-inner-column elementor-element elementor-element-acae834\" data-id=\"acae834\" data-element_type=\"column\">\n\t\t\t<div class=\"elementor-column-wrap elementor-element-populated\">\n\t\t\t\t\t\t\t<div class=\"elementor-widget-wrap\">\n\t\t\t\t\t\t<div class=\"elementor-element elementor-element-e0392bc elementor-view-default elementor-position-top elementor-vertical-align-top elementor-widget elementor-widget-icon-box\" data-id=\"e0392bc\" data-element_type=\"widget\" data-widget_type=\"icon-box.default\">\n\t\t\t\t<div class=\"elementor-widget-container\">\n\t\t\t\t\t<div class=\"elementor-icon-box-wrapper\">\n\t\t\t\t\t\t<div class=\"elementor-icon-box-icon\">\n\t\t\t\t<span class=\"elementor-icon elementor-animation-\" >\n\t\t\t\t<svg xmlns=\"http:\/\/www.w3.org\/2000\/svg\" xmlns:xlink=\"http:\/\/www.w3.org\/1999\/xlink\" id=\"Layer_1\" x=\"0px\" y=\"0px\" viewbox=\"0 0 512 512\" style=\"enable-background:new 0 0 512 512;\" xml:space=\"preserve\">\n<style type=\"text\/css\">\n\t.st0{fill:#AD9961;}\n<\/style>\n<g>\n\t<g>\n\t\t<g>\n\t\t\t<g>\n\t\t\t\t<path class=\"st0\" d=\"M512,445.6c0,10.7-4.2,20.8-11.7,28.4l-35.9,35.5c-1.6,1.6-3.8,2.5-6.2,2.5c-2.3,0-4.5-0.9-6.1-2.5      c-1.7-1.7-2.6-3.9-2.6-6.2c0-2.3,1-4.4,2.6-6l42.2-41.8H128.1c-39.4,0-71.5-32.1-71.5-71.5v-366l-41.9,41L14.6,59      c-1.5,1.5-3.7,2.4-6,2.4c-2.2,0-4.4-0.9-6-2.6C0.9,57.1,0,55,0,52.6c0-2.2,0.9-4.4,2.5-6l35.4-34.9c15.6-15.4,41-15.4,56.6,0      l35.3,34.9c1.6,1.6,2.5,3.7,2.6,6c0,2.4-0.9,4.6-2.5,6.3c-1.6,1.6-3.8,2.6-6,2.6c-2.4,0-4.4-0.8-6-2.4L74,15.5v368.3      c0,29.9,24.3,54.3,54.3,54.3h368.3l-44.4-43.9c-3.4-3.3-3.4-8.8-0.1-12.3c1.6-1.6,3.7-2.5,6-2.6c2.4-0.1,4.6,0.9,6.2,2.5      l35.9,35.5C507.8,424.9,512,434.9,512,445.6z\"><\/path>\n\t\t\t<\/g>\n\t\t<\/g>\n\t<\/g>\n\t<g>\n\t\t<g>\n\t\t\t<g>\n\t\t\t\t<path class=\"st0\" d=\"M511.9,50.6V323c0,4.8-3.9,8.6-8.7,8.6c-4.7,0-8.5-3.9-8.5-8.6V50.6c0-18.4-14.9-33.3-33.3-33.3H190      c-4.8,0-8.6-3.8-8.6-8.5c0-4.8,3.9-8.7,8.6-8.7h271.3C489.2,0.1,511.9,22.8,511.9,50.6z\"><\/path>\n\t\t\t<\/g>\n\t\t<\/g>\n\t<\/g>\n\t<g>\n\t\t<g>\n\t\t\t<g>\n\t\t\t\t<path class=\"st0\" d=\"M304.4,232.8v93.3c0,4.7-3.9,8.6-8.6,8.6c-4.8,0-8.6-3.9-8.6-8.6v-93.3c0-15.4-12.6-28-28-28      c-15.4,0-28,12.6-28,28v93.4c0,4.8-3.9,8.6-8.6,8.6c-4.7,0-8.6-3.9-8.6-8.6v-93.4c0-15.4-12.6-28-28-28c-15.4,0-28,12.6-28,28      v93.4c0,4.8-3.9,8.6-8.6,8.6c-4.8,0-8.6-3.9-8.6-8.6v-131c0-4.7,3.9-8.6,8.6-8.6c2.2,0,4.1,0.7,5.9,2.3l5.8,5.3l7.3-3.1      c5.6-2.4,11.6-3.6,17.7-3.6c10.6,0,20.8,3.7,28.9,10.4l7.9,6.6l7.8-6.6c8-6.7,18.3-10.4,28.9-10.4      C284.3,187.5,304.4,207.8,304.4,232.8z\"><\/path>\n\t\t\t<\/g>\n\t\t<\/g>\n\t<\/g>\n\t<g>\n\t\t<g>\n\t\t\t<g>\n\t\t\t\t<path class=\"st0\" d=\"M419.6,231.1h-56.5c-3.6,0-6.8-2.2-8.2-5.5c-1.3-3.4-0.4-7.1,2.3-9.6c0.1-0.1,12.4-11.2,25.6-25.7      c21-23.2,25.5-34.4,26.4-38.2l0.5-1.9l-0.1-1.9c-0.6-9.9-8.8-17.6-18.7-17.6h-0.6c-10.3,0-18.7,8.4-18.7,18.8      c0,4.7-3.9,8.6-8.6,8.6c-4.7,0-8.6-3.9-8.6-8.6c0-19.9,16.2-36.1,36-36.1h0.6c19.8,0,36,16.2,36.1,36.1      c0,10.7-7.9,25.2-24.1,44.2l-17.2,20.3h34.1c2.1,0,4.2,0.8,5.7,2.4c1.7,1.7,2.6,3.9,2.6,6.2      C428.3,227.3,424.4,231.1,419.6,231.1z\"><\/path>\n\t\t\t<\/g>\n\t\t<\/g>\n\t<\/g>\n<\/g>\n<\/svg>\t\t\t\t<\/span>\n\t\t\t<\/div>\n\t\t\t\t\t\t<div class=\"elementor-icon-box-content\">\n\t\t\t\t<h3 class=\"elementor-icon-box-title\">\n\t\t\t\t\t<span >679.92 m\u00b2<\/span>\n\t\t\t\t<\/h3>\n\t\t\t\t\t\t\t\t<p class=\"elementor-icon-box-description\">Option of two separate units<br\/>\nunit 1 cca 400 m\u00b2<br\/>\nunit 2 cca 280 m\u00b2<br\/>\n<\/p>\n\t\t\t\t\t\t\t<\/div>\n\t\t<\/div>\n\t\t\t\t<\/div>\n\t\t\t\t<\/div>\n\t\t\t\t\t\t<\/div>\n\t\t\t\t\t<\/div>\n\t\t<\/div>\n\t\t\t\t\t\t\t\t<\/div>\n\t\t\t\t\t<\/div>\n\t\t<\/section>\n\t\t\t\t\t\t<\/div>\n\t\t\t\t\t<\/div>\n\t\t<\/div>\n\t\t\t\t<div class=\"elementor-column elementor-col-50 elementor-top-column elementor-element elementor-element-1f07429\" data-id=\"1f07429\" data-element_type=\"column\">\n\t\t\t<div class=\"elementor-column-wrap elementor-element-populated\">\n\t\t\t\t\t\t\t<div class=\"elementor-widget-wrap\">\n\t\t\t\t\t\t<div class=\"elementor-element elementor-element-0074996 elementor-widget elementor-widget-image\" data-id=\"0074996\" data-element_type=\"widget\" data-widget_type=\"image.default\">\n\t\t\t\t<div class=\"elementor-widget-container\">\n\t\t\t\t\t\t\t\t<div class=\"elementor-image\">\n\t\t\t\t\t\t\t\t\t\t\t\t\t<a href=\"https:\/\/www.sumicenter.si\/en\/k-p3\/\">\n\t\t\t\t\t\t\t<img width=\"1000\" height=\"667\" src=\"https:\/\/www.sumicenter.si\/wp-content\/uploads\/2023\/10\/trgovina.jpg\" class=\"attachment-full size-full\" alt=\"\" loading=\"lazy\" srcset=\"https:\/\/www.sumicenter.si\/wp-content\/uploads\/2023\/10\/trgovina.jpg 1000w, https:\/\/www.sumicenter.si\/wp-content\/uploads\/2023\/10\/trgovina-300x200.jpg 300w, https:\/\/www.sumicenter.si\/wp-content\/uploads\/2023\/10\/trgovina-768x512.jpg 768w, https:\/\/www.sumicenter.si\/wp-content\/uploads\/2023\/10\/trgovina-18x12.jpg 18w\" sizes=\"(max-width: 1000px) 100vw, 1000px\" \/>\t\t\t\t\t\t\t\t<\/a>\n\t\t\t\t\t\t\t\t\t\t\t\t\t\t<\/div>\n\t\t\t\t\t\t<\/div>\n\t\t\t\t<\/div>\n\t\t\t\t\t\t<\/div>\n\t\t\t\t\t<\/div>\n\t\t<\/div>\n\t\t\t\t\t\t\t\t<\/div>\n\t\t\t\t\t<\/div>\n\t\t<\/section>\n\t\t\t\t<section data-particle_enable=\"false\" data-particle-mobile-disabled=\"false\" class=\"elementor-section elementor-top-section elementor-element elementor-element-34037d7 elementor-section-content-middle elementor-section-boxed elementor-section-height-default elementor-section-height-default\" data-id=\"34037d7\" data-element_type=\"section\">\n\t\t\t\t\t\t<div class=\"elementor-container elementor-column-gap-no\">\n\t\t\t\t\t\t\t<div class=\"elementor-row\">\n\t\t\t\t\t<div class=\"elementor-column elementor-col-50 elementor-top-column elementor-element elementor-element-7a28b46\" data-id=\"7a28b46\" data-element_type=\"column\">\n\t\t\t<div class=\"elementor-column-wrap elementor-element-populated\">\n\t\t\t\t\t\t\t<div class=\"elementor-widget-wrap\">\n\t\t\t\t\t\t<div class=\"elementor-element elementor-element-c212672 elementor-widget elementor-widget-image\" data-id=\"c212672\" data-element_type=\"widget\" data-widget_type=\"image.default\">\n\t\t\t\t<div class=\"elementor-widget-container\">\n\t\t\t\t\t\t\t\t<div class=\"elementor-image\">\n\t\t\t\t\t\t\t\t\t\t\t\t\t<a href=\"https:\/\/www.sumicenter.si\/en\/k-p4\/\">\n\t\t\t\t\t\t\t<img width=\"671\" height=\"414\" src=\"https:\/\/www.sumicenter.si\/wp-content\/uploads\/2025\/09\/Render_lokali.jpg\" class=\"attachment-full size-full\" alt=\"\" loading=\"lazy\" srcset=\"https:\/\/www.sumicenter.si\/wp-content\/uploads\/2025\/09\/Render_lokali.jpg 671w, https:\/\/www.sumicenter.si\/wp-content\/uploads\/2025\/09\/Render_lokali-300x185.jpg 300w, https:\/\/www.sumicenter.si\/wp-content\/uploads\/2025\/09\/Render_lokali-18x12.jpg 18w\" sizes=\"(max-width: 671px) 100vw, 671px\" \/>\t\t\t\t\t\t\t\t<\/a>\n\t\t\t\t\t\t\t\t\t\t\t\t\t\t<\/div>\n\t\t\t\t\t\t<\/div>\n\t\t\t\t<\/div>\n\t\t\t\t\t\t<\/div>\n\t\t\t\t\t<\/div>\n\t\t<\/div>\n\t\t\t\t<div class=\"elementor-column elementor-col-50 elementor-top-column elementor-element elementor-element-fbc2ad6\" data-id=\"fbc2ad6\" data-element_type=\"column\">\n\t\t\t<div class=\"elementor-column-wrap elementor-element-populated\">\n\t\t\t\t\t\t\t<div class=\"elementor-widget-wrap\">\n\t\t\t\t\t\t<div class=\"elementor-element elementor-element-2322bfd elementor-hidden-phone elementor-widget elementor-widget-text-editor\" data-id=\"2322bfd\" data-element_type=\"widget\" data-widget_type=\"text-editor.default\">\n\t\t\t\t<div class=\"elementor-widget-container\">\n\t\t\t\t\t\t\t\t<div class=\"elementor-text-editor elementor-clearfix\">\n\t\t\t\t\t<p>Ground floor<\/p>\t\t\t\t\t<\/div>\n\t\t\t\t\t\t<\/div>\n\t\t\t\t<\/div>\n\t\t\t\t<div class=\"elementor-element elementor-element-66fc1fc elementor-hidden-desktop elementor-hidden-tablet elementor-widget elementor-widget-text-editor\" data-id=\"66fc1fc\" data-element_type=\"widget\" data-widget_type=\"text-editor.default\">\n\t\t\t\t<div class=\"elementor-widget-container\">\n\t\t\t\t\t\t\t\t<div class=\"elementor-text-editor elementor-clearfix\">\n\t\t\t\t\t<p>Ground floor<\/p>\t\t\t\t\t<\/div>\n\t\t\t\t\t\t<\/div>\n\t\t\t\t<\/div>\n\t\t\t\t<div class=\"elementor-element elementor-element-0ffc11a elementor-widget elementor-widget-heading\" data-id=\"0ffc11a\" data-element_type=\"widget\" data-widget_type=\"heading.default\">\n\t\t\t\t<div class=\"elementor-widget-container\">\n\t\t\t<h3 class=\"elementor-heading-title elementor-size-default\"><a href=\"https:\/\/www.sumicenter.si\/en\/k-p4\/\">Commercial space 4<\/a><\/h3>\t\t<\/div>\n\t\t\t\t<\/div>\n\t\t\t\t<section data-particle_enable=\"false\" data-particle-mobile-disabled=\"false\" class=\"elementor-section elementor-inner-section elementor-element elementor-element-ea9d1b8 elementor-section-boxed elementor-section-height-default elementor-section-height-default\" data-id=\"ea9d1b8\" data-element_type=\"section\">\n\t\t\t\t\t\t<div class=\"elementor-container elementor-column-gap-default\">\n\t\t\t\t\t\t\t<div class=\"elementor-row\">\n\t\t\t\t\t<div class=\"elementor-column elementor-col-100 elementor-inner-column elementor-element elementor-element-660abd0\" data-id=\"660abd0\" data-element_type=\"column\">\n\t\t\t<div class=\"elementor-column-wrap elementor-element-populated\">\n\t\t\t\t\t\t\t<div class=\"elementor-widget-wrap\">\n\t\t\t\t\t\t<div class=\"elementor-element elementor-element-287ea74 elementor-view-default elementor-position-top elementor-vertical-align-top elementor-widget elementor-widget-icon-box\" data-id=\"287ea74\" data-element_type=\"widget\" data-widget_type=\"icon-box.default\">\n\t\t\t\t<div class=\"elementor-widget-container\">\n\t\t\t\t\t<div class=\"elementor-icon-box-wrapper\">\n\t\t\t\t\t\t<div class=\"elementor-icon-box-icon\">\n\t\t\t\t<span class=\"elementor-icon elementor-animation-\" >\n\t\t\t\t<svg xmlns=\"http:\/\/www.w3.org\/2000\/svg\" xmlns:xlink=\"http:\/\/www.w3.org\/1999\/xlink\" id=\"Layer_1\" x=\"0px\" y=\"0px\" viewbox=\"0 0 512 512\" style=\"enable-background:new 0 0 512 512;\" xml:space=\"preserve\">\n<style type=\"text\/css\">\n\t.st0{fill:#AD9961;}\n<\/style>\n<g>\n\t<g>\n\t\t<g>\n\t\t\t<g>\n\t\t\t\t<path class=\"st0\" d=\"M512,445.6c0,10.7-4.2,20.8-11.7,28.4l-35.9,35.5c-1.6,1.6-3.8,2.5-6.2,2.5c-2.3,0-4.5-0.9-6.1-2.5      c-1.7-1.7-2.6-3.9-2.6-6.2c0-2.3,1-4.4,2.6-6l42.2-41.8H128.1c-39.4,0-71.5-32.1-71.5-71.5v-366l-41.9,41L14.6,59      c-1.5,1.5-3.7,2.4-6,2.4c-2.2,0-4.4-0.9-6-2.6C0.9,57.1,0,55,0,52.6c0-2.2,0.9-4.4,2.5-6l35.4-34.9c15.6-15.4,41-15.4,56.6,0      l35.3,34.9c1.6,1.6,2.5,3.7,2.6,6c0,2.4-0.9,4.6-2.5,6.3c-1.6,1.6-3.8,2.6-6,2.6c-2.4,0-4.4-0.8-6-2.4L74,15.5v368.3      c0,29.9,24.3,54.3,54.3,54.3h368.3l-44.4-43.9c-3.4-3.3-3.4-8.8-0.1-12.3c1.6-1.6,3.7-2.5,6-2.6c2.4-0.1,4.6,0.9,6.2,2.5      l35.9,35.5C507.8,424.9,512,434.9,512,445.6z\"><\/path>\n\t\t\t<\/g>\n\t\t<\/g>\n\t<\/g>\n\t<g>\n\t\t<g>\n\t\t\t<g>\n\t\t\t\t<path class=\"st0\" d=\"M511.9,50.6V323c0,4.8-3.9,8.6-8.7,8.6c-4.7,0-8.5-3.9-8.5-8.6V50.6c0-18.4-14.9-33.3-33.3-33.3H190      c-4.8,0-8.6-3.8-8.6-8.5c0-4.8,3.9-8.7,8.6-8.7h271.3C489.2,0.1,511.9,22.8,511.9,50.6z\"><\/path>\n\t\t\t<\/g>\n\t\t<\/g>\n\t<\/g>\n\t<g>\n\t\t<g>\n\t\t\t<g>\n\t\t\t\t<path class=\"st0\" d=\"M304.4,232.8v93.3c0,4.7-3.9,8.6-8.6,8.6c-4.8,0-8.6-3.9-8.6-8.6v-93.3c0-15.4-12.6-28-28-28      c-15.4,0-28,12.6-28,28v93.4c0,4.8-3.9,8.6-8.6,8.6c-4.7,0-8.6-3.9-8.6-8.6v-93.4c0-15.4-12.6-28-28-28c-15.4,0-28,12.6-28,28      v93.4c0,4.8-3.9,8.6-8.6,8.6c-4.8,0-8.6-3.9-8.6-8.6v-131c0-4.7,3.9-8.6,8.6-8.6c2.2,0,4.1,0.7,5.9,2.3l5.8,5.3l7.3-3.1      c5.6-2.4,11.6-3.6,17.7-3.6c10.6,0,20.8,3.7,28.9,10.4l7.9,6.6l7.8-6.6c8-6.7,18.3-10.4,28.9-10.4      C284.3,187.5,304.4,207.8,304.4,232.8z\"><\/path>\n\t\t\t<\/g>\n\t\t<\/g>\n\t<\/g>\n\t<g>\n\t\t<g>\n\t\t\t<g>\n\t\t\t\t<path class=\"st0\" d=\"M419.6,231.1h-56.5c-3.6,0-6.8-2.2-8.2-5.5c-1.3-3.4-0.4-7.1,2.3-9.6c0.1-0.1,12.4-11.2,25.6-25.7      c21-23.2,25.5-34.4,26.4-38.2l0.5-1.9l-0.1-1.9c-0.6-9.9-8.8-17.6-18.7-17.6h-0.6c-10.3,0-18.7,8.4-18.7,18.8      c0,4.7-3.9,8.6-8.6,8.6c-4.7,0-8.6-3.9-8.6-8.6c0-19.9,16.2-36.1,36-36.1h0.6c19.8,0,36,16.2,36.1,36.1      c0,10.7-7.9,25.2-24.1,44.2l-17.2,20.3h34.1c2.1,0,4.2,0.8,5.7,2.4c1.7,1.7,2.6,3.9,2.6,6.2      C428.3,227.3,424.4,231.1,419.6,231.1z\"><\/path>\n\t\t\t<\/g>\n\t\t<\/g>\n\t<\/g>\n<\/g>\n<\/svg>\t\t\t\t<\/span>\n\t\t\t<\/div>\n\t\t\t\t\t\t<div class=\"elementor-icon-box-content\">\n\t\t\t\t<h3 class=\"elementor-icon-box-title\">\n\t\t\t\t\t<span >605.89 m\u00b2<\/span>\n\t\t\t\t<\/h3>\n\t\t\t\t\t\t\t<\/div>\n\t\t<\/div>\n\t\t\t\t<\/div>\n\t\t\t\t<\/div>\n\t\t\t\t\t\t<\/div>\n\t\t\t\t\t<\/div>\n\t\t<\/div>\n\t\t\t\t\t\t\t\t<\/div>\n\t\t\t\t\t<\/div>\n\t\t<\/section>\n\t\t\t\t\t\t<\/div>\n\t\t\t\t\t<\/div>\n\t\t<\/div>\n\t\t\t\t\t\t\t\t<\/div>\n\t\t\t\t\t<\/div>\n\t\t<\/section>\n\t\t\t\t\t\t<\/div>\n\t\t\t\t\t\t<\/div>\n\t\t\t\t\t<\/div>","protected":false},"excerpt":{"rendered":"<p>V strogem centru Ljubljana oddamo vrhunske poslovne prostore na presti\u017eni in izjemno frekventni lokaciji, ki zagotavlja vidnost, dostopnost in poslovni ugled. Gre za reprezentativne prostore, primerne za svetovalno dejavnost, arhitekturni ali oblikovalski studio, zasebno ambulanto, kozmeti\u010dni ali estetski salon ter druge storitvene dejavnosti vi\u0161jega cenovnega razreda. pritli\u010dje pritli\u010dje Poslovni prostor 3 679.92 m\u00b2 OPCIJA dveh [&hellip;]<\/p>","protected":false},"author":169,"featured_media":0,"parent":0,"menu_order":0,"comment_status":"closed","ping_status":"closed","template":"","meta":[],"_links":{"self":[{"href":"https:\/\/www.sumicenter.si\/en\/wp-json\/wp\/v2\/pages\/3127"}],"collection":[{"href":"https:\/\/www.sumicenter.si\/en\/wp-json\/wp\/v2\/pages"}],"about":[{"href":"https:\/\/www.sumicenter.si\/en\/wp-json\/wp\/v2\/types\/page"}],"author":[{"embeddable":true,"href":"https:\/\/www.sumicenter.si\/en\/wp-json\/wp\/v2\/users\/169"}],"replies":[{"embeddable":true,"href":"https:\/\/www.sumicenter.si\/en\/wp-json\/wp\/v2\/comments?post=3127"}],"version-history":[{"count":61,"href":"https:\/\/www.sumicenter.si\/en\/wp-json\/wp\/v2\/pages\/3127\/revisions"}],"predecessor-version":[{"id":3424,"href":"https:\/\/www.sumicenter.si\/en\/wp-json\/wp\/v2\/pages\/3127\/revisions\/3424"}],"wp:attachment":[{"href":"https:\/\/www.sumicenter.si\/en\/wp-json\/wp\/v2\/media?parent=3127"}],"curies":[{"name":"wp","href":"https:\/\/api.w.org\/{rel}","templated":true}]}}